{"id":1563,"date":"2015-10-01T12:48:30","date_gmt":"2015-10-01T10:48:30","guid":{"rendered":"http:\/\/emidon.net\/maquinaria?lang=gl"},"modified":"2017-05-23T14:28:06","modified_gmt":"2017-05-23T12:28:06","slug":"maquinaria","status":"publish","type":"page","link":"https:\/\/emidon.net\/gl\/maquinaria","title":{"rendered":"Maquinaria"},"content":{"rendered":"<section class=\"main-content\"><div class=\"container\"><div class=\"row\">\n\t<div class=\"col-md-12\">\n\t\t\t<div class=\"text-block\"> <\/div>\n\t<\/div> \n<\/div><\/div><\/section><section class=\"main-content\"><div class=\"container\"><div class=\"row\">\n\t<div class=\"col-md-12\">\n\t\t\t<div class=\"text-block\"><\/div>\n\t<\/div> \n<\/div><\/div><\/section><section class=\"main-content\"><div class=\"container\"><div class=\"row\">\n\t<div class=\"col-md-12\">\n\t\t\t<div class=\"text-block\"> <\/div>\n\t<\/div> \n<\/div><\/div><\/section><section class=\"main-content image-cont mobile-padding custom-padding shadow-off\" style=\"background-attachment: fixed; background-position: center center; background-repeat: no-repeat; background-size: cover; background-image: url(https:\/\/emidon.net\/contenido\/uploads\/2013\/11\/excavacionesmidon.desarrollo.systems_acondicionamiento.jpg); padding-top: 200px; padding-bottom: 200px;\"><span class=\"section-overlay-mask\" style=\"background-color: #0a0a0a; opacity: 0.60;\"><\/span><div class=\"container\"><div class=\"row\">\n\t<div class=\"col-md-12\">\n\t\t\t<div class=\"special-heading textaligncenter default animated-content fade_in\" style=\"padding-bottom: 30px;\"><h3 style=\"color: #ffffff; font-size: 40px;\" class=\"default\">&#8220;Trabajamos siempre con la mejor calidad&#8221;<\/h3><\/div>\n\n\t<\/div> \n<\/div><\/div><\/section><section class=\"main-content\"><div class=\"container\"><div class=\"row\">\n\t<div class=\"col-md-12\">\n\t\t\t<div class=\"blank_divider\" style=\"height: 50px;\"><\/div>\n<div class=\"text-block animated-content fade_in\">\n<h2><span style=\"color: #ee2e2c;\"><strong>NUESTRA MAQUINARIA<\/strong><\/span><\/h2>\n<p><strong>La empresa cuenta con un amplio parque de maquinaria<\/strong>, en el que se ha invertido en los \u00faltimos a\u00f1os, y que le permiten acometer obras de gran magnitud con total seguridad en el cumplimiento de plazos y presupuestos, as\u00ed como herramientas, medios auxiliares y otros recursos materiales \u00f3ptimos para la ejecuci\u00f3n de los servicios que ofrecemos. <strong>La empresa tiene sus instalaciones situadas en el ayuntamiento de Teo, en el Lugar de Feros &#8211; Cacheiras<\/strong>, formadas por una nave almac\u00e9n de maquinaria de 1.500 m2, en la que se ubican las oficinas generales. Adem\u00e1s cuenta a su disposici\u00f3n con 20.000 m2 de terrenos anexos a la nave que se utilizan para almacenar los materiales necesarios para las obras y que tambi\u00e9n se utiliza como aparcamiento de maquinaria. <strong>Nuestra infraestructura cuenta con un amplio parque de maquinaria y equipos auxiliares para el desarrollo de nuestras actividades<\/strong> as\u00ed como una flota de furgonetas y veh\u00edculos para el personal.<\/p>\n<\/div><div class=\"blank_divider\" style=\"height: 50px;\"><\/div>\n\n\t<\/div> \n<\/div><\/div><\/section><section class=\"main-content custom-padding shadow-off\" style=\"background-color: #f7f7f7; padding-top: 40px; padding-bottom: 40px;\"><div class=\"container\"><div class=\"row\">\n\t<div class=\"col-md-12\">\n\t\t\t<div class=\"col-md-9 bloque-portfolio\"><div id=\"portfolio-projects\" class=\" no-sortable grid-portfolio\"><ul id=\"projects\"><\/ul><\/div><\/div>\n\n\t<\/div> \n<\/div><\/div><\/section><section class=\"main-content\"><div class=\"container\"><div class=\"row\">\n\t<div class=\"col-md-12\">\n\t\t\t<div class=\"text-block\"> <\/div>\n\t<\/div> \n<\/div><\/div><\/section>\n","protected":false},"excerpt":{"rendered":"\"Trabajamos siempre con la mejor calidad\" NUESTRA MAQUINARIA La empresa cuenta con un amplio parque de maquinaria, en el que se ha invertido en los \u00faltimos a\u00f1os, y que le permiten acometer obras de [...]","protected":false},"author":1,"featured_media":0,"parent":0,"menu_order":0,"comment_status":"closed","ping_status":"closed","template":"","meta":[],"_links":{"self":[{"href":"https:\/\/emidon.net\/gl\/wp-json\/wp\/v2\/pages\/1563"}],"collection":[{"href":"https:\/\/emidon.net\/gl\/wp-json\/wp\/v2\/pages"}],"about":[{"href":"https:\/\/emidon.net\/gl\/wp-json\/wp\/v2\/types\/page"}],"author":[{"embeddable":true,"href":"https:\/\/emidon.net\/gl\/wp-json\/wp\/v2\/users\/1"}],"replies":[{"embeddable":true,"href":"https:\/\/emidon.net\/gl\/wp-json\/wp\/v2\/comments?post=1563"}],"version-history":[{"count":5,"href":"https:\/\/emidon.net\/gl\/wp-json\/wp\/v2\/pages\/1563\/revisions"}],"predecessor-version":[{"id":1672,"href":"https:\/\/emidon.net\/gl\/wp-json\/wp\/v2\/pages\/1563\/revisions\/1672"}],"wp:attachment":[{"href":"https:\/\/emidon.net\/gl\/wp-json\/wp\/v2\/media?parent=1563"}],"curies":[{"name":"wp","href":"https:\/\/api.w.org\/{rel}","templated":true}]}}