{"id":1562,"date":"2013-11-20T16:37:24","date_gmt":"2013-11-20T15:37:24","guid":{"rendered":"http:\/\/emidon.net\/inicio?lang=gl"},"modified":"2015-11-17T09:49:36","modified_gmt":"2015-11-17T08:49:36","slug":"inicio","status":"publish","type":"page","link":"https:\/\/emidon.net\/gl\/","title":{"rendered":"Inicio"},"content":{"rendered":"<section class=\"main-content no-padding shadow-off\"><div class=\"container-fluid\"><div class=\"row\">\n\t<div class=\"col-md-12\">\n\t\t\t<div class=\"revolution_slider_container\">\n<div id=\"rev_slider_2_1_wrapper\" class=\"rev_slider_wrapper fullwidthbanner-container\" style=\"margin:0px auto;background-color:transparent;padding:0px;margin-top:0px;margin-bottom:0px;\">\n<!-- START REVOLUTION SLIDER 5.0.4 fullwidth mode -->\n\t<div id=\"rev_slider_2_1\" class=\"rev_slider fullwidthabanner\" style=\"display:none;\" data-version=\"5.0.4\">\n<ul>\t<!-- SLIDE  -->\n\t<li data-index=\"rs-5\" data-transition=\"fade\" data-slotamount=\"default\"  data-easein=\"default\" data-easeout=\"default\" data-masterspeed=\"default\"  data-thumb=\"https:\/\/emidon.net\/contenido\/uploads\/2015\/10\/excavacionesmidon.desarrollo.systems_slider1-100x50.jpg\"  data-rotate=\"0\"  data-saveperformance=\"off\"  data-title=\"Slide\" data-description=\"\">\n\t\t<!-- MAIN IMAGE -->\n\t\t<img src=\"https:\/\/emidon.net\/contenido\/uploads\/2015\/10\/excavacionesmidon.desarrollo.systems_slider1.jpg\"  alt=\"excavacionesmidon-Demoliciones\"  width=\"1579\" height=\"720\" data-bgposition=\"center center\" data-bgfit=\"cover\" data-bgrepeat=\"no-repeat\" class=\"rev-slidebg\" data-no-retina>\n\t\t<!-- LAYERS -->\n\t<\/li>\n\t<!-- SLIDE  -->\n\t<li data-index=\"rs-4\" data-transition=\"fade\" data-slotamount=\"default\"  data-easein=\"default\" data-easeout=\"default\" data-masterspeed=\"default\"  data-thumb=\"https:\/\/emidon.net\/contenido\/uploads\/2015\/10\/excavacionesmidon.desarrollo.systems_slider2-100x50.jpg\"  data-rotate=\"0\"  data-saveperformance=\"off\"  data-title=\"Slide\" data-description=\"\">\n\t\t<!-- MAIN IMAGE -->\n\t\t<img src=\"https:\/\/emidon.net\/contenido\/uploads\/2015\/10\/excavacionesmidon.desarrollo.systems_slider2.jpg\"  alt=\"excavacionesmidon-Movimiento de tierras\"  width=\"1579\" height=\"720\" data-bgposition=\"center center\" data-bgfit=\"cover\" data-bgrepeat=\"no-repeat\" class=\"rev-slidebg\" data-no-retina>\n\t\t<!-- LAYERS -->\n\t<\/li>\n\t<!-- SLIDE  -->\n\t<li data-index=\"rs-7\" data-transition=\"fade\" data-slotamount=\"default\"  data-easein=\"default\" data-easeout=\"default\" data-masterspeed=\"default\"  data-thumb=\"https:\/\/emidon.net\/contenido\/uploads\/2015\/10\/excavacionesmidon.desarrollo.systems_slider3-100x50.jpg\"  data-rotate=\"0\"  data-saveperformance=\"off\"  data-title=\"Slide\" data-description=\"\">\n\t\t<!-- MAIN IMAGE -->\n\t\t<img src=\"https:\/\/emidon.net\/contenido\/uploads\/2015\/10\/excavacionesmidon.desarrollo.systems_slider3.jpg\"  alt=\"excavacionesmidon-Firmes y Pavimentaci\u00f3n\"  width=\"1579\" height=\"720\" data-bgposition=\"center center\" data-bgfit=\"cover\" data-bgrepeat=\"no-repeat\" class=\"rev-slidebg\" data-no-retina>\n\t\t<!-- LAYERS -->\n\t<\/li>\n<\/ul>\n<div class=\"tp-static-layers\">\n<\/div>\n<div class=\"tp-bannertimer tp-bottom\" style=\"visibility: hidden !important;\"><\/div>\t<\/div>\n<script>document.write(\"<style type=\\\"text\/css\\\"><\/style>\");<\/script>\n\t\t<script type=\"text\/javascript\">\n\n\t\t\t\/******************************************\n\t\t\t\t-\tPREPARE PLACEHOLDER FOR SLIDER\t-\n\t\t\t******************************************\/\n\n\t\t\tvar setREVStartSize=function(){\n\t\t\t\ttry{var e=new Object,i=jQuery(window).width(),t=9999,r=0,n=0,l=0,f=0,s=0,h=0;\n\t\t\t\t\te.c = jQuery('#rev_slider_2_1');\n\t\t\t\t\te.responsiveLevels = [1240,1024,778,480];\n\t\t\t\t\te.gridwidth = [1240,1024,778,480];\n\t\t\t\t\te.gridheight = [668,568,960,720];\n\t\t\t\t\t\t\t\n\t\t\t\t\te.sliderLayout = \"fullwidth\";\n\t\t\t\t\tif(e.responsiveLevels&&(jQuery.each(e.responsiveLevels,function(e,f){f>i&&(t=r=f,l=e),i>f&&f>r&&(r=f,n=e)}),t>r&&(l=n)),f=e.gridheight[l]||e.gridheight[0]||e.gridheight,s=e.gridwidth[l]||e.gridwidth[0]||e.gridwidth,h=i\/s,h=h>1?1:h,f=Math.round(h*f),\"fullscreen\"==e.sliderLayout){var u=(e.c.width(),jQuery(window).height());if(void 0!=e.fullScreenOffsetContainer){var c=e.fullScreenOffsetContainer.split(\",\");jQuery.each(c,function(e,i){u=jQuery(i).length>0?u-jQuery(i).outerHeight(!0):u}),e.fullScreenOffset.split(\"%\").length>1&&void 0!=e.fullScreenOffset&&e.fullScreenOffset.length>0?u-=jQuery(window).height()*parseInt(e.fullScreenOffset,0)\/100:void 0!=e.fullScreenOffset&&e.fullScreenOffset.length>0&&(u-=parseInt(e.fullScreenOffset,0))}f=u}else void 0!=e.minHeight&&f<e.minHeight&&(f=e.minHeight);e.c.closest(\".rev_slider_wrapper\").css({height:f})\n\t\t\t\t}catch(d){console.log(\"Failure at Presize of Slider:\"+d)}\n\t\t\t};\n\t\t\t\t\t\t\n\t\t\t\t\n\t\t\tsetREVStartSize();\n\t\t\t\n\t\t\tvar tpj=jQuery;\n\t\t\t\n\t\t\tvar revapi2;\n\t\t\ttpj(document).ready(function() {\n\t\t\t\tif(tpj(\"#rev_slider_2_1\").revolution == undefined){\n\t\t\t\t\trevslider_showDoubleJqueryError(\"#rev_slider_2_1\");\n\t\t\t\t}else{\n\t\t\t\t\trevapi2 = tpj(\"#rev_slider_2_1\").show().revolution({\n\t\t\t\t\t\tsliderType:\"standard\",\n\t\t\t\t\t\tjsFileLocation:\"https:\/\/emidon.net\/contenido\/plugins\/revslider\/public\/assets\/js\/\",\n\t\t\t\t\t\tsliderLayout:\"fullwidth\",\n\t\t\t\t\t\tdottedOverlay:\"none\",\n\t\t\t\t\t\tdelay:9000,\n\t\t\t\t\t\tnavigation: {\n\t\t\t\t\t\t\tkeyboardNavigation:\"off\",\n\t\t\t\t\t\t\tkeyboard_direction: \"horizontal\",\n\t\t\t\t\t\t\tmouseScrollNavigation:\"off\",\n\t\t\t\t\t\t\tonHoverStop:\"off\",\n\t\t\t\t\t\t\tarrows: {\n\t\t\t\t\t\t\t\tstyle:\"hesperiden\",\n\t\t\t\t\t\t\t\tenable:true,\n\t\t\t\t\t\t\t\thide_onmobile:false,\n\t\t\t\t\t\t\t\thide_onleave:false,\n\t\t\t\t\t\t\t\ttmp:'',\n\t\t\t\t\t\t\t\tleft: {\n\t\t\t\t\t\t\t\t\th_align:\"left\",\n\t\t\t\t\t\t\t\t\tv_align:\"center\",\n\t\t\t\t\t\t\t\t\th_offset:20,\n\t\t\t\t\t\t\t\t\tv_offset:0\n\t\t\t\t\t\t\t\t},\n\t\t\t\t\t\t\t\tright: {\n\t\t\t\t\t\t\t\t\th_align:\"right\",\n\t\t\t\t\t\t\t\t\tv_align:\"center\",\n\t\t\t\t\t\t\t\t\th_offset:20,\n\t\t\t\t\t\t\t\t\tv_offset:0\n\t\t\t\t\t\t\t\t}\n\t\t\t\t\t\t\t}\n\t\t\t\t\t\t},\n\t\t\t\t\t\tresponsiveLevels:[1240,1024,778,480],\n\t\t\t\t\t\tgridwidth:[1240,1024,778,480],\n\t\t\t\t\t\tgridheight:[668,568,960,720],\n\t\t\t\t\t\tlazyType:\"none\",\n\t\t\t\t\t\tshadow:0,\n\t\t\t\t\t\tspinner:\"spinner0\",\n\t\t\t\t\t\tstopLoop:\"off\",\n\t\t\t\t\t\tstopAfterLoops:-1,\n\t\t\t\t\t\tstopAtSlide:-1,\n\t\t\t\t\t\tshuffle:\"off\",\n\t\t\t\t\t\tautoHeight:\"off\",\n\t\t\t\t\t\tdisableProgressBar:\"on\",\n\t\t\t\t\t\thideThumbsOnMobile:\"off\",\n\t\t\t\t\t\thideSliderAtLimit:0,\n\t\t\t\t\t\thideCaptionAtLimit:0,\n\t\t\t\t\t\thideAllCaptionAtLilmit:0,\n\t\t\t\t\t\tstartWithSlide:0,\n\t\t\t\t\t\tdebugMode:false,\n\t\t\t\t\t\tfallbacks: {\n\t\t\t\t\t\t\tsimplifyAll:\"off\",\n\t\t\t\t\t\t\tnextSlideOnWindowFocus:\"off\",\n\t\t\t\t\t\t\tdisableFocusListener:\"off\",\n\t\t\t\t\t\t}\n\t\t\t\t\t});\n\t\t\t\t}\n\t\t\t});\t\/*ready*\/\n\t\t<\/script>\n\t\t\t\t\t\t<script>document.write(\"<style type=\\\"text\/css\\\">.hesperiden.tparrows{cursor:pointer;background:#000;background:rgba(0,0,0,0.5);width:40px;height:40px;position:absolute;display:block;z-index:100;  border-radius:50%}.hesperiden.tparrows:hover{background:#000}.hesperiden.tparrows:before{font-family:\\\"revicons\\\";font-size:20px;color:#fff;display:block;line-height:40px;text-align:center}.hesperiden.tparrows.tp-leftarrow:before{content:\\\"\\\\e82c\\\";  margin-left:-3px}.hesperiden.tparrows.tp-rightarrow:before{content:\\\"\\\\e82d\\\";  margin-right:-3px}<\/style>\");<\/script>\n\t\t\t\t<\/div><!-- END REVOLUTION SLIDER --><\/div>\n\t<\/div> \n<\/div><\/div><\/section><section class=\"main-content custom-padding shadow-off\" style=\"background-color: #ffffff; padding-top: 50px; padding-bottom: 80px;\"><div class=\"container\"><div class=\"row\">\n\t<div class=\"col-md-12\">\n\t\t\t<div class=\"single-image\"><img class=\"img-no-responsive aligncenter   \" alt=\"excavacioens midon\" src=\"https:\/\/emidon.net\/contenido\/uploads\/2015\/09\/excavacionesmidon.desarrollo.systems_logotipo.png\" \/><\/div>\n<div class=\"blank_divider\" style=\"height: 20px;\"><\/div>\n<div class=\"text-block\">\n<p style=\"text-align: center;\">Excavaciones Mid\u00f3n es una empresa dedicada a excavaciones, transporte, demoliciones y obra civil, ofreciendo un servicio r\u00e1pido y de calidad para nuestros clientes<\/p>\n<\/div>\n\t<\/div> \n<\/div><\/div><\/section><section class=\"main-content custom-padding shadow-off\" style=\"padding-top: 50px; padding-bottom: 50px;\"><div class=\"container\"><div class=\"row\">\n\t<div class=\"col-md-12\">\n\t\t\t<div class=\"row\">\n\t<div class=\"col-md-4 col-sm-12\">\n\t\t\t<div class=\"single-image\"><a href=\"\/obras?tipo=.movimientos-de-tierra\" title=\"OLYMPUS DIGITAL CAMERA\"><img class=\"img-full-responsive aligncenter animated-content scale_up  img-servicio\" alt=\"OLYMPUS DIGITAL CAMERA\" src=\"https:\/\/emidon.net\/contenido\/uploads\/2015\/10\/excavacionesmidon.desarrollo.systems_movimiento-tierra-urbanizacion-residencial-val-da-ramallosa02.jpg\" \/><\/a><\/div>\n<div class=\"special-heading textalignleft default animated-content fade_in\" style=\"padding-bottom: 20px;\"><h3 style=\"color: #1c1c1c;\" class=\"default\">Movimiento de tierras<\/h3><\/div>\n<div class=\"text-block\">\n<p>Todo tipo de movimientos de tierras y preparaci\u00f3n de terrenos para edificaci\u00f3n<\/p>\n<\/div><a class=\"button-main btn-servicios button-medium animated-content fade_in\" href=\"\/obras?tipo=.movimientos-de-tierra\">M\u00c1S INFORMACI\u00d3N<\/a>\n\n\t<\/div> \n\n\t<div class=\"col-md-4 col-sm-12\">\n\t\t\t<div class=\"single-image\"><a href=\"\/obras?tipo=.demoliciones\" title=\"demolicion-edificio-con-cizalla-hidr\u00e1ulica-milladoiro\"><img class=\"img-responsive aligncenter animated-content scale_up  img-servicio\" alt=\"demolicion-edificio-con-cizalla-hidr\u00e1ulica-milladoiro\" src=\"https:\/\/emidon.net\/contenido\/uploads\/2015\/10\/excavacionesmidon.desarrollo.systems_demolicion-edificio-con-cizalla-hidraulica-milladoiro.gif\" \/><\/a><\/div>\n<div class=\"special-heading textalignleft default animated-content fade_in\" style=\"padding-bottom: 20px;\"><h3 style=\"color: #1c1c1c;\" class=\"default\">Demoliciones<\/h3><\/div>\n<div class=\"text-block\">\n<p>Trabajos de demolici\u00f3n de edificaciones y estructuras tanto manuales como mec\u00e1nicos<\/p>\n<\/div><a class=\"button-main btn-servicios button-medium animated-content fade_in\" href=\"\/obras?tipo=.demoliciones\">M\u00c1S INFORMACI\u00d3N<\/a>\n\n\t<\/div> \n\n\t<div class=\"col-md-4\">\n\t\t\t<div class=\"single-image\"><a href=\"\/obras?tipo=.saneamiento-y-abastecimiento\" title=\"obra-civil-compactacion-mecanica\"><img class=\"img-responsive aligncenter animated-content scale_up  img-servicio\" alt=\"obra-civil-compactacion-mecanica\" src=\"https:\/\/emidon.net\/contenido\/uploads\/2015\/10\/excavacionesmidon.desarrollo.systems_obra-civil-compactacion-mecanica.jpg\" \/><\/a><\/div>\n<div class=\"special-heading textalignleft default animated-content fade_in\" style=\"padding-bottom: 20px;\"><h3 style=\"color: #1c1c1c;\" class=\"default\">Acondicionamiento<\/h3><\/div>\n<div class=\"text-block\">\n<p>Preparaci\u00f3n de terrenos mediante extendidos y apisonado de material de relleno, desbroces, etc<\/p>\n<\/div><a class=\"button-main btn-servicios button-medium animated-content fade_in\" href=\"\/obras?tipo=.saneamiento-y-abastecimiento\">M\u00c1S INFORMACI\u00d3N<\/a>\n\n\t<\/div> \n<\/div><div class=\"blank_divider\" style=\"height: 40px;\"><\/div>\n<div class=\"row\">\n\t<div class=\"col-md-4 col-sm-12\">\n\t\t\t<div class=\"single-image\"><a href=\"\/obras?tipo=.saneamiento-y-abastecimiento\" title=\"saneamiento-canalizacion-electrica01\"><img class=\"img-responsive aligncenter animated-content scale_up  img-servicio\" alt=\"saneamiento-canalizacion-electrica01\" src=\"https:\/\/emidon.net\/contenido\/uploads\/2015\/10\/excavacionesmidon.desarrollo.systems_saneamiento-canalizacion-electrica01.jpg\" \/><\/a><\/div>\n<div class=\"special-heading textalignleft default animated-content fade_in\" style=\"padding-bottom: 20px;\"><h3 style=\"color: #1c1c1c;\" class=\"default\">Canalizaciones<\/h3><\/div>\n<div class=\"text-block\">\n<p>Trabajos de instalaci\u00f3n y reparaci\u00f3n de canalizaciones de saneamiento y abastecimiento de agua, canalizaciones el\u00e9ctricas, telecomunicaciones, etc<\/p>\n<\/div><a class=\"button-main btn-servicios button-medium animated-content fade_in\" href=\"\/obras?tipo=.saneamiento-y-abastecimiento\">M\u00c1S INFORMACI\u00d3N<\/a>\n\n\t<\/div> \n\n\t<div class=\"col-md-4 col-sm-12\">\n\t\t\t<div class=\"single-image\"><a href=\"\/obras?tipo=.urbanizacion\" title=\"obra-civil-instalacion-de-mobiliario-urbano\"><img class=\"img-responsive aligncenter animated-content scale_up  img-servicio\" alt=\"obra-civil-instalacion-de-mobiliario-urbano\" src=\"https:\/\/emidon.net\/contenido\/uploads\/2015\/10\/excavacionesmidon.desarrollo.systems_obra-civil-instalacion-de-mobiliario-urbano02.jpg\" \/><\/a><\/div>\n<div class=\"special-heading textalignleft default animated-content fade_in\" style=\"padding-bottom: 20px;\"><h3 style=\"color: #1c1c1c;\" class=\"default\">Urbanizaci\u00f3n<\/h3><\/div>\n<div class=\"text-block\">\n<p>Urbanizaci\u00f3n de terrenos e instalaci\u00f3n y montaje de todo tipo de mobiliario urbano, alumbrado, trabajos de jardiner\u00eda, ejecuci\u00f3n de muros de mamposter\u00eda, etc<\/p>\n<\/div><a class=\"button-main btn-servicios button-medium animated-content fade_in\" href=\"\/obras?tipo=.urbanizacion\">M\u00c1S INFORMACI\u00d3N<\/a>\n\n\t<\/div> \n\n\t<div class=\"col-md-4 col-sm-12\">\n\t\t\t<div class=\"single-image\"><a href=\"\/obras?tipo=.pavimentacion\" title=\"obra-civil-asfaltado-y-pavimentacion01\"><img class=\"img-responsive aligncenter animated-content scale_up  img-servicio\" alt=\"obra-civil-asfaltado-y-pavimentacion01\" src=\"https:\/\/emidon.net\/contenido\/uploads\/2015\/10\/excavacionesmidon.desarrollo.systems_obra-civil-asfaltado-y-pavimentacion01.jpg\" \/><\/a><\/div>\n<div class=\"special-heading textalignleft default animated-content fade_in\" style=\"padding-bottom: 20px;\"><h3 style=\"color: #1c1c1c;\" class=\"default\">Firmes y Pavimentaci\u00f3n<\/h3><\/div>\n<div class=\"text-block\">\n<p>Preparaci\u00f3n de firmes y soleras de hormig\u00f3n, adoqu\u00edn, asfaltados y aglomerados, \u00a0as\u00ed como ejecuci\u00f3n de aceras y viales<\/p>\n<\/div><a class=\"button-main btn-servicios button-medium animated-content fade_in\" href=\"\/obras?tipo=.pavimentacion\">M\u00c1S INFORMACI\u00d3N<\/a>\n\n\t<\/div> \n<\/div><div class=\"divider normal\" style=\"margin-top: 80px; margin-bottom: 80px;\"><\/div>\n<div class=\"row\"><\/div><div class=\"special-heading textaligncenter default title-section animated-content fade_in\" style=\"padding-bottom: 70px;\"><h2 style=\"color: #161616;\" class=\"default\">NUESTROS VALORES<\/h2><\/div>\n<div class=\"row\">\n\t<div class=\"col-md-4\">\n\t\t\t<div class=\"special-heading textalignleft default title-valores valores-calidad\" style=\"padding-bottom: 30px;\"><h3 class=\"default\">Calidad<\/h3><\/div>\n<div class=\"text-block\">\n<p>Ofrecemos servicios de m\u00e1xima calidad, que satisfagan las necesidades de nuestros clientes con el prop\u00f3sito de mejora continua<\/p>\n<\/div>\n\t<\/div> \n\n\t<div class=\"col-md-4\">\n\t\t\t<div class=\"special-heading textalignleft default title-valores valores-seguridad\" style=\"padding-bottom: 30px;\"><h3 class=\"default\">Seguridad<\/h3><\/div>\n<div class=\"text-block\">\n<p>La seguridad es una de nuestras mayores preocupaciones. Excavaciones Mid\u00f3n, S.L. presta una especial atenci\u00f3n a la seguridad tanto de nuestro personal como de terceros, vigilando en todo momento el cumpliendo de la legislaci\u00f3n vigente<\/p>\n<\/div>\n\t<\/div> \n\n\t<div class=\"col-md-4\">\n\t\t\t<div class=\"special-heading textalignleft default title-valores valores-medioambiente\" style=\"padding-bottom: 30px;\"><h3 class=\"default\">Medioambiente<\/h3><\/div>\n<div class=\"text-block\">\n<p>Buscamos continuamente la mejora y la eficacia del Sistema de Gesti\u00f3n de Calidad, Medioambiente y SST con el fin de prevenir la contaminaci\u00f3n y los da\u00f1os al medioambiente, as\u00ed como el deterioro de la salud<\/p>\n<\/div>\n\t<\/div> \n<\/div><div class=\"blank_divider\" style=\"height: 50px;\"><\/div>\n\n\t<\/div> \n<\/div><\/div><\/section>\n","protected":false},"excerpt":{"rendered":"document.write(\"\"); \/****************************************** - PREPARE PLACEHOLDER FOR SLIDER - ******************************************\/ var setREVStartSize=function(){ try{var e=new Object,i=jQuery(window).width(),t=9999,r=0,n=0,l=0,f=0,s=0,h=0; e.c = jQuery('#rev_slider_2_2'); e.responsiveLevels = [1240,1024,778,480]; e.gridwidth = [1240,1024,778,480]; e.gridheight = [668,568,960,720]; e.sliderLayout = \"fullwidth\"; if(e.responsiveLevels&&(jQuery.each(e.responsiveLevels,function(e,f){f>i&&(t=r=f,l=e),i>f&&f>r&&(r=f,n=e)}),t>r&&(l=n)),f=e.gridheight[l]||e.gridheight[0]||e.gridheight,s=e.gridwidth[l]||e.gridwidth[0]||e.gridwidth,h=i\/s,h=h>1?1:h,f=Math.round(h*f),\"fullscreen\"==e.sliderLayout){var u=(e.c.width(),jQuery(window).height());if(void 0!=e.fullScreenOffsetContainer){var c=e.fullScreenOffsetContainer.split(\",\");jQuery.each(c,function(e,i){u=jQuery(i).length>0?u-jQuery(i).outerHeight(!0):u}),e.fullScreenOffset.split(\"%\").length>1&&void 0!=e.fullScreenOffset&&e.fullScreenOffset.length>0?u-=jQuery(window).height()*parseInt(e.fullScreenOffset,0)\/100:void [...]","protected":false},"author":1,"featured_media":0,"parent":0,"menu_order":0,"comment_status":"open","ping_status":"closed","template":"","meta":[],"_links":{"self":[{"href":"https:\/\/emidon.net\/gl\/wp-json\/wp\/v2\/pages\/1562"}],"collection":[{"href":"https:\/\/emidon.net\/gl\/wp-json\/wp\/v2\/pages"}],"about":[{"href":"https:\/\/emidon.net\/gl\/wp-json\/wp\/v2\/types\/page"}],"author":[{"embeddable":true,"href":"https:\/\/emidon.net\/gl\/wp-json\/wp\/v2\/users\/1"}],"replies":[{"embeddable":true,"href":"https:\/\/emidon.net\/gl\/wp-json\/wp\/v2\/comments?post=1562"}],"version-history":[{"count":1,"href":"https:\/\/emidon.net\/gl\/wp-json\/wp\/v2\/pages\/1562\/revisions"}],"predecessor-version":[{"id":1636,"href":"https:\/\/emidon.net\/gl\/wp-json\/wp\/v2\/pages\/1562\/revisions\/1636"}],"wp:attachment":[{"href":"https:\/\/emidon.net\/gl\/wp-json\/wp\/v2\/media?parent=1562"}],"curies":[{"name":"wp","href":"https:\/\/api.w.org\/{rel}","templated":true}]}}