{"id":1561,"date":"2013-11-14T14:42:43","date_gmt":"2013-11-14T14:42:43","guid":{"rendered":"http:\/\/emidon.net\/empresa?lang=gl"},"modified":"2015-11-17T16:42:13","modified_gmt":"2015-11-17T15:42:13","slug":"empresa","status":"publish","type":"page","link":"https:\/\/emidon.net\/gl\/empresa","title":{"rendered":"Empresa"},"content":{"rendered":"<section class=\"main-content image-cont mobile-padding custom-padding shadow-off\" style=\"background-attachment: fixed; background-position: top center; background-repeat: no-repeat; background-size: cover; background-image: url(https:\/\/emidon.net\/contenido\/uploads\/2013\/11\/excavacionesmidon.desarrollo.systems_tierra.jpg); padding-top: 200px; padding-bottom: 200px;\"><span class=\"section-overlay-mask\" style=\"background-color: #0a0a0a; opacity: 0.60;\"><\/span><div class=\"container\"><div class=\"row\">\n\t<div class=\"col-md-12\">\n\t\t\t<div class=\"special-heading textaligncenter default animated-content fade_in\" style=\"padding-bottom: 30px;\"><h3 style=\"color: #ffffff; font-size: 40px;\" class=\"default\">&#8220;Porque a nosa prioridade eo cliente&#8221;<\/h3><\/div>\n\n\t<\/div> \n<\/div><\/div><\/section><section id=\"bloque-empresa\" class=\"main-content custom-padding shadow-off\" style=\"background-color: #f7f7f7; padding-top: 80px; padding-bottom: 90px;\"><div class=\"container\"><div class=\"row\">\n\t<div class=\"col-md-12\">\n\t\t\t<div class=\"row inner-empresa\">\n\t<div class=\"col-md-12\">\n\t\t\t<div class=\"text-block animated-content move_right\">\n<h2 style=\"text-align: justify;\"><strong>A\u00a0EMPRESA HOXE<\/strong><\/h2>\n<p style=\"text-align: justify;\"><strong>Excavaciones Mid\u00f3n, S.L.<\/strong> cuenta con una<strong> experiencia<\/strong> acumulada de<strong> m\u00e1s de 20 a\u00f1os<\/strong>, que la ha convertido en uno de los principales referentes en su sector y en una <strong>empresa s\u00f3lida<\/strong>, <strong>especializada<\/strong> en <strong>proyectos<\/strong> de<strong> grandes movimientos de tierras y obra civil<\/strong>, desarrollando su actividad gracias al trabajo, austeridad y honestidad profesional de las personas que la conforman, siendo su mayor fortaleza el esfuerzo y dedicaci\u00f3n de sus trabajadores.<\/p>\n<p style=\"text-align: justify;\">A trav\u00e9s del tiempo la empresa ha ido adaptandose a las necesidades de sus clientes, adquiriendo nueva maquinaria e incorporando personal con el fin de acometer obras de mayor envergadura.<\/p>\n<p style=\"text-align: justify;\">Nuestra <strong>filosof\u00eda<\/strong> se basa en una <strong>atenci\u00f3n individualizada<\/strong> de cada cliente, particular o entidad, para ofrecerles soluciones adaptadas a sus necesidades, haciendo que estos sientan en todo momento la tranquilidad y confianza de la segura finalizaci\u00f3n de todos los trabajos y obras adjudicadas.<\/p>\n<p style=\"text-align: justify;\"><strong>Excavaciones Mid\u00f3n<\/strong> se encuentra Inscrita actualmente en el Registro General de Contratistas de la Comunidad Aut\u00f3noma de Galicia con el n\u00famero de inscrici\u00f3n 3947 y como empresa contratista de obras, en el <a href=\"http:\/\/emidon.net\/contenido\/uploads\/2013\/11\/excavacionesmidon.desarrollo.systems_documento-registro-oficial-licitadores-empresas-clasificadas.jpg\" target=\"_blank\">Registro Oficial de Licitadores y Empresas Clasificadas<\/a> del Estado con n\u00ba Expediente: 71470<\/p>\n<\/div>\n\t<\/div> \n<\/div>\n\t<\/div> \n<\/div><\/div><\/section><section id=\"bloque-nuestrapolitica\" class=\"main-content image-cont custom-padding shadow-off\" style=\"background-attachment: fixed; background-position: top left; background-repeat: no-repeat; background-image: url(https:\/\/emidon.net\/contenido\/uploads\/2015\/10\/excavacionesmidon.desarrollo.systems_demolicion-edificio-con-retroexcavadora.jpg); padding-top: 50px; padding-bottom: 50px;\"><span class=\"section-overlay-mask\" style=\"background-color: #f0542d; opacity: 0.95;\"><\/span><div class=\"container\"><div class=\"row\">\n\t<div class=\"col-md-12\">\n\t\t\t<div class=\"row\">\n\t<div class=\"col-md-6\">\n\t\t\t<div class=\"text-block animated-content move_left\">\n<h2 style=\"text-align: justify;\">\u00a0NUESTRA POL\u00cdTICA<\/h2>\n<p>Nuestra empresa considera obligado realizar un esfuerzo permanente con el fin de asegurar la m\u00e1xima calidad durante el desarrollo de nuestras actividades, respetar el medioambiente y alcanzar un s\u00f3lido desempe\u00f1o de la Seguridad y salud en el trabajo.<\/p>\n<p style=\"text-align: justify;\">De acuerdo con esta filosof\u00eda, la empresa ha implantado un \u201cSistema integrado de calidad, medioambiente y Seguridad y Salud en el Trabajo\u201d basado en las Normas de Referencia UNE-EN ISO 9001:2008, UNE-EN ISO 14001:2004 y OSHAS 18001:2007. El objetivo de este esfuerzo se traduce en la consecuci\u00f3n de las siguientes metas:<\/p>\n<ul style=\"text-align: justify;\">\n<li><strong>Ofrecer productos de la m\u00e1xima calidad<\/strong>, tanto en contenido como en presentaci\u00f3n, que satisfagan las necesidades de sus clientes, y cumplir la normativa medioambiental y prevenci\u00f3n de riesgos laborales aplicable, as\u00ed como otros requisitos que Excavaciones Mid\u00f3n, S.L suscriba durante el desarrollo de sus actividades.<\/li>\n<\/ul>\n<ul>\n<li style=\"text-align: justify;\"><strong>Establecer y evaluar peri\u00f3dicamente sus objetivos y metas de forma cr\u00edtica y rigurosa<\/strong>, con el fin de asegurar la calidad de nuestras actividades y la mejora continua en el desarrollo de nuestros procesos, productos y servicios, y en el respeto por el medioambiente.<\/li>\n<\/ul>\n<\/div>\n\t<\/div> \n\n\t<div class=\"col-md-6 col-60\">\n\t\t\t<div class=\"text-block animated-content move_left\">\n<ul>\n<li style=\"text-align: justify;\"><strong>Cumplir con los requisitos establecidos en las normas UNE-EN-ISO 9001:2008, UNE-EN-ISO 14001:2004 y OHSAS 18001:200<\/strong>7 y mejorar continuamente la eficacia del sistema de gesti\u00f3n de calidad, medioambiente y SST.<\/li>\n<\/ul>\n<ul style=\"text-align: justify;\">\n<li><strong>Crear y mantener un ambiente de trabajo<\/strong> que permita a todo el equipo humano de la empresa implicarse en el funcionamiento y las actividades de la misma.<\/li>\n<\/ul>\n<ul style=\"text-align: justify;\">\n<li><strong>Proporcionar a su personal los medios y la formaci\u00f3n necesarios para desempe\u00f1ar sus actividades<\/strong> de acuerdo con el compromiso asumido en calidad, medioambiente y prevenci\u00f3n.<\/li>\n<\/ul>\n<ul style=\"text-align: justify;\">\n<li><strong>Mentalizar a sus clientes, proveedores, subcontratistas y colaboradores<\/strong> en el respeto por el medioambiente y la calidad de sus actividades.<\/li>\n<\/ul>\n<ul>\n<li style=\"text-align: justify;\"><strong>Mejorar continuamente la eficacia del Sistema de Gesti\u00f3n de Calidad, Medioambiente y SST<\/strong> y prevenir la contaminaci\u00f3n y los da\u00f1os al personal, as\u00ed como el deterioro de la salud.<\/li>\n<\/ul>\n<p>&nbsp;<\/p>\n<\/div>\n\t<\/div> \n<\/div><div class=\"row\">\n\t<div class=\"col-md-12\">\n\t\t\t<div class=\"text-block\">\n<p><a href=\"http:\/\/emidon.net\/contenido\/uploads\/2013\/11\/emidon.net_instituto-de-certificacion-cdq-norma-ohsas-180012007..png\"><img loading=\"lazy\" class=\"size-full wp-image-1482 alignleft\" src=\"http:\/\/emidon.net\/contenido\/uploads\/2013\/11\/emidon.net_instituto-de-certificacion-cdq-norma-ohsas-180012007..png\" alt=\"INSTITUTO DE CERTIFICACI\u00d3N CDQ NORMA OHSAS 180012007.\" width=\"76\" height=\"78\" \/><\/a> <a href=\"http:\/\/emidon.net\/contenido\/uploads\/2013\/11\/emidon.net_instituto-de-certificacion-cdq-norma-iso-140012004.png\"><img loading=\"lazy\" class=\"size-full wp-image-1483 alignleft\" src=\"http:\/\/emidon.net\/contenido\/uploads\/2013\/11\/emidon.net_instituto-de-certificacion-cdq-norma-iso-140012004.png\" alt=\"INSTITUTO DE CERTIFICACI\u00d3N CDQ NORMA ISO-140012004\" width=\"76\" height=\"78\" \/><\/a> <img loading=\"lazy\" class=\"size-full wp-image-1481 alignleft\" src=\"http:\/\/emidon.net\/contenido\/uploads\/2013\/11\/emidon.net_instituto-de-certificacion-cdq-norma-iso-90012008.png\" alt=\"INSTITUTO DE CERTIFICACI\u00d3N CDQ NORMA ISO 90012008\" width=\"76\" height=\"78\" \/><\/p>\n<\/div>\n\t<\/div> \n<\/div>\n\t<\/div> \n<\/div><\/div><\/section><section id=\"bloque-residuos\" class=\"main-content custom-padding shadow-off\" style=\"padding-top: 50px; padding-bottom: 50px;\"><div class=\"container\"><div class=\"row\">\n\t<div class=\"col-md-12\">\n\t\t\t<div class=\"row\">\n\t<div class=\"col-md-6\">\n\t\t\t<div class=\"text-block\">\n<h2><\/h2>\n<h2><strong>GESTI\u00d3N DE RESIDUOS<\/strong><\/h2>\n<p>&nbsp;<\/p>\n<p><strong>GESTI\u00d3N RCD\u00b4S<\/strong>: La empresa EXCAVACIONES MID\u00d3N, S.L., figura inscrita en el Registro General de Productores y Gestores de Residuos de Galicia con el n\u00ba de autorizaci\u00f3n <a href=\"http:\/\/emidon.net\/rcds\" target=\"_blank\">SC-I-NP-XRT-00126<\/a> \u00a0para realizar la actividad de recogida y transporte de <strong>residuos no peligrosos de origen industrial (RCD\u00b4S)<\/strong>.<\/p>\n<\/div>\n\t<\/div> \n\n\t<div class=\"col-md-6\">\n\t\t\t<div class=\"lightbox animated-content fade_in\"><a class=\"fancy-wrap fancybox\" title=\"\" href=\"https:\/\/emidon.net\/contenido\/uploads\/2013\/11\/emidon.net_residuos-1.png\" ><img class=\"img-responsive\" alt=\"\" src=\"https:\/\/emidon.net\/contenido\/uploads\/2013\/11\/emidon.net_residuos-1.png\"  \/><span class=\"overlay\"><span class=\"circle\"><i class=\"font-icon-plus-3\"><\/i><\/span><\/span><\/a><\/div>\n\n\t<\/div> \n<\/div><div class=\"blank_divider\" style=\"height: 30px;\"><\/div>\n\n\t<\/div> \n<\/div><\/div><\/section><section class=\"main-content large-padding shadow-off\" style=\"background-color: #f4f4f4;\"><div class=\"container\"><div class=\"row\">\n\t<div class=\"col-md-12 text-center\">\n\t\t\t<div class=\"special-heading textaligncenter default animated-content move_left\" style=\"padding-bottom: 30px;\"><h3 style=\"color: #444444; font-size: 30px;\" class=\"default\">Si desea informaci\u00f3n sobre alguno de nuestros servicios o pedir presupuesto para un proyecto, p\u00f3ngase en contacto con nosotros.<\/h3><\/div>\n<div class=\"blank_divider\" style=\"height: 20px;\"><\/div>\n<div class=\"row text-center\"><\/div><a class=\"button-main btn-informacion button-large animated-content move_right\" href=\"\/contacto\"><i class=\"font-icon-info\"><\/i>SOLICITA INFORMACI\u00d3N<\/a>\n\n\t<\/div> \n<\/div><\/div><\/section>\n","protected":false},"excerpt":{"rendered":"\"Porque a nosa prioridade eo cliente\" A\u00a0EMPRESA HOXE Excavaciones Mid\u00f3n, S.L. cuenta con una experiencia acumulada de m\u00e1s de 20 a\u00f1os, que la ha convertido en uno de los principales referentes en su sector [...]","protected":false},"author":1,"featured_media":0,"parent":0,"menu_order":0,"comment_status":"open","ping_status":"open","template":"","meta":[],"_links":{"self":[{"href":"https:\/\/emidon.net\/gl\/wp-json\/wp\/v2\/pages\/1561"}],"collection":[{"href":"https:\/\/emidon.net\/gl\/wp-json\/wp\/v2\/pages"}],"about":[{"href":"https:\/\/emidon.net\/gl\/wp-json\/wp\/v2\/types\/page"}],"author":[{"embeddable":true,"href":"https:\/\/emidon.net\/gl\/wp-json\/wp\/v2\/users\/1"}],"replies":[{"embeddable":true,"href":"https:\/\/emidon.net\/gl\/wp-json\/wp\/v2\/comments?post=1561"}],"version-history":[{"count":2,"href":"https:\/\/emidon.net\/gl\/wp-json\/wp\/v2\/pages\/1561\/revisions"}],"predecessor-version":[{"id":1647,"href":"https:\/\/emidon.net\/gl\/wp-json\/wp\/v2\/pages\/1561\/revisions\/1647"}],"wp:attachment":[{"href":"https:\/\/emidon.net\/gl\/wp-json\/wp\/v2\/media?parent=1561"}],"curies":[{"name":"wp","href":"https:\/\/api.w.org\/{rel}","templated":true}]}}