{"id":1560,"date":"2013-11-13T13:41:39","date_gmt":"2013-11-13T13:41:39","guid":{"rendered":"http:\/\/emidon.net\/contacto?lang=gl"},"modified":"2024-07-31T22:29:57","modified_gmt":"2024-07-31T20:29:57","slug":"contacto","status":"publish","type":"page","link":"https:\/\/emidon.net\/gl\/contacto","title":{"rendered":"Contacto"},"content":{"rendered":"<section class=\"main-content image-cont large-padding shadow-off\" style=\"background-color: #ee2e2c; background-attachment: fixed; background-position: center center; background-repeat: no-repeat; background-size: cover; background-image: url(https:\/\/emidon.net\/contenido\/uploads\/2015\/10\/excavacionesmidon.desarrollo.systems_movimiento-tierra-urbanizacion-residencial-val-da-ramallosa02.jpg);\"><span class=\"section-overlay-mask\" style=\"background-color: #00acf1; opacity: 0.9;\"><\/span><div class=\"container\"><div class=\"row\">\n\t<div class=\"col-md-12\">\n\t\t\t<div class=\"special-heading textaligncenter default uppercase text-norma\" style=\"padding-bottom: 0px;\"><h2 style=\"color: #ffffff; font-size: 40px;\" class=\"default\">P\u00f3ngase en contacto con nosotros para cualquier consulta<\/h2><\/div>\n\n\t<\/div> \n<\/div><\/div><\/section><section class=\"main-content default-padding shadow-off\"><div class=\"container\"><div class=\"row\">\n\t<div class=\"col-md-12\">\n\t\t\t<div class=\"row\">\n\t<div class=\"col-md-4\">\n\t\t\t<div class=\"text-block\">\n<h3>Cont\u00e1ctenos<\/h3>\n<p>Si desea pedir informaci\u00f3n sobre alguno de nuestros servicios, solicitar presupuesto personalizado o cualquier otro tipo de consulta, cont\u00e1ctenos a trav\u00e9s del siguiente formulario: <\/div><div class=\"divider normal\" style=\"margin-top: 36px; margin-bottom: 36px;\"><\/div>\n<div role=\"form\" class=\"wpcf7\" id=\"wpcf7-f892-o1\" lang=\"es-ES\" dir=\"ltr\">\n<div class=\"screen-reader-response\"><\/div>\n<form action=\"\/gl\/wp-json\/wp\/v2\/pages\/1560#wpcf7-f892-o1\" method=\"post\" class=\"wpcf7-form\" novalidate=\"novalidate\">\n<div style=\"display: none;\">\n<input type=\"hidden\" name=\"_wpcf7\" value=\"892\" \/>\n<input type=\"hidden\" name=\"_wpcf7_version\" value=\"4.3\" \/>\n<input type=\"hidden\" name=\"_wpcf7_locale\" value=\"es_ES\" \/>\n<input type=\"hidden\" name=\"_wpcf7_unit_tag\" value=\"wpcf7-f892-o1\" \/>\n<input type=\"hidden\" name=\"_wpnonce\" value=\"abc910d07f\" \/>\n<\/div>\n<p>\n    <span class=\"wpcf7-form-control-wrap your-name\"><input type=\"text\" name=\"your-name\" value=\"\" size=\"40\" class=\"wpcf7-form-control wpcf7-text wpcf7-validates-as-required\" aria-required=\"true\" aria-invalid=\"false\" placeholder=\"Nombre\" \/><\/span> <\/p>\n<p>\n    <span class=\"wpcf7-form-control-wrap your-email\"><input type=\"email\" name=\"your-email\" value=\"\" size=\"40\" class=\"wpcf7-form-control wpcf7-text wpcf7-email wpcf7-validates-as-required wpcf7-validates-as-email\" aria-required=\"true\" aria-invalid=\"false\" placeholder=\"Correo Electr\u00f3nico\" \/><\/span> <\/p>\n<p>\n    <span class=\"wpcf7-form-control-wrap your-subject\"><input type=\"text\" name=\"your-subject\" value=\"\" size=\"40\" class=\"wpcf7-form-control wpcf7-text\" aria-invalid=\"false\" placeholder=\"Motivo\" \/><\/span> <\/p>\n<p>\n    <span class=\"wpcf7-form-control-wrap your-message\"><textarea name=\"your-message\" cols=\"40\" rows=\"10\" class=\"wpcf7-form-control wpcf7-textarea\" aria-invalid=\"false\" placeholder=\"Mensaje\"><\/textarea><\/span> <\/p>\n<div data-sitekey=\"6Lf9lyIUAAAAAF7IkTQVfFONJeaw1peFjOmZzbqS\" class=\"wpcf7-form-control g-recaptcha wpcf7-recaptcha\"><\/div>\n<noscript>\n\t<div style=\"width: 302px; height: 422px;\">\n\t\t<div style=\"width: 302px; height: 422px; position: relative;\">\n\t\t\t<div style=\"width: 302px; height: 422px; position: absolute;\">\n\t\t\t\t<iframe src=\"https:\/\/www.google.com\/recaptcha\/api\/fallback?k=6Lf9lyIUAAAAAF7IkTQVfFONJeaw1peFjOmZzbqS\" frameborder=\"0\" scrolling=\"no\" style=\"width: 302px; height:422px; border-style: none;\">\n\t\t\t\t<\/iframe>\n\t\t\t<\/div>\n\t\t\t<div style=\"width: 300px; height: 60px; border-style: none; bottom: 12px; left: 25px; margin: 0px; padding: 0px; right: 25px; background: #f9f9f9; border: 1px solid #c1c1c1; border-radius: 3px;\">\n\t\t\t\t<textarea id=\"g-recaptcha-response\" name=\"g-recaptcha-response\" class=\"g-recaptcha-response\" style=\"width: 250px; height: 40px; border: 1px solid #c1c1c1; margin: 10px 25px; padding: 0px; resize: none;\">\n\t\t\t\t<\/textarea>\n\t\t\t<\/div>\n\t\t<\/div>\n\t<\/div>\n<\/noscript>\n\n<p><span class=\"wpcf7-form-control-wrap acceptance-18\"><input type=\"checkbox\" name=\"acceptance-18\" value=\"1\" class=\"wpcf7-form-control wpcf7-acceptance\" aria-invalid=\"false\" \/><\/span>He le\u00eddo y acepto la <a href=\"https:\/\/emidon.net\/politica-de-privacidad\" target=\"_blank\" title=\"pol\u00edtica de privacidad\">pol\u00edtica de privacidad<\/a><\/p>\n<p><input type=\"submit\" value=\"Enviar\" class=\"wpcf7-form-control wpcf7-submit\" \/><\/p>\n<div class=\"wpcf7-response-output wpcf7-display-none\"><\/div><\/form><\/div>\n\t<\/div> \n\n\t<div class=\"col-md-8\">\n\t\t\t<div class=\"text-block margin-30\"> <iframe style=\"border: 0;\" src=\"https:\/\/www.google.com\/maps\/embed?pb=!1m18!1m12!1m3!1d23417.279453576182!2d-8.548413872380618!3d42.80610627016332!2m3!1f0!2f0!3f0!3m2!1i1024!2i768!4f13.1!3m3!1m2!1s0xd2f010648ac1d49%3A0x57afa0ca8edf68aa!2sExcavaciones+MIDON+S.L.!5e0!3m2!1ses!2ses!4v1447846789285\" width=\"100%\" height=\"450\" frameborder=\"0\" allowfullscreen=\"allowfullscreen\"><\/iframe> <\/div><div class=\"text-block margin-30\">\n<div class=\"mitad\">\n<h3>Nuestra Localizaci\u00f3n<\/h3>\n<p>Lg Feros n\u00ba 86 C.P.: 15883 Teo, A Coru\u00f1a<\/p>\n<\/div>\n<div class=\"mitad last\">\n<h3>Datos de contacto<\/h3>\n<p><strong>Tel\u00e9fono Fijo:<\/strong> +34\u00a0<a class=\"fl r-ixElRzzZJWhc\" title=\"Llamar a trav\u00e9s de Hangouts\" data-number=\"+34981806267\" data-rtid=\"ixElRzzZJWhc\" data-ved=\"0CHQQkAgoATAPahUKEwiMvpqZ1p7IAhWB5RoKHcd8CgA\">981 806 267<\/a> <strong>Tel\u00e9fono 1 (Roberto M. Mid\u00f3n):<\/strong> 639 884 016 <strong>Fax:<\/strong> 981 802 852 <strong>Horario Oficina:<\/strong> 09.00 &#8211; 19.00 <strong>Email:<\/strong> info@emidon.net<\/p>\n<\/div>\n<div class=\"mitad\">\n<h3>Otras v\u00edas de contacto<\/h3>\n<p>Si lo prefieres puedes ponerte en contacto con nuestra oficina a trav\u00e9s de nuestros tel\u00e9fonos o en nuestra oficina a partir de los horarios establecidos.<\/p>\n<\/div>\n<\/div>\n\t<\/div> \n<\/div>\n\t<\/div> \n<\/div><\/div><\/section><section class=\"main-content\"><div class=\"container\"><div class=\"row\">\n\t<div class=\"col-md-12\">\n\t\t\t\n\t<\/div> \n<\/div><\/div><\/section>\n","protected":false},"excerpt":{"rendered":"P\u00f3ngase en contacto con nosotros para cualquier consulta Cont\u00e1ctenos Si desea pedir informaci\u00f3n sobre alguno de nuestros servicios, solicitar presupuesto personalizado o cualquier otro tipo de consulta, cont\u00e1ctenos a trav\u00e9s del siguiente formulario: He [...]","protected":false},"author":1,"featured_media":0,"parent":0,"menu_order":0,"comment_status":"open","ping_status":"open","template":"template-contact.php","meta":[],"_links":{"self":[{"href":"https:\/\/emidon.net\/gl\/wp-json\/wp\/v2\/pages\/1560"}],"collection":[{"href":"https:\/\/emidon.net\/gl\/wp-json\/wp\/v2\/pages"}],"about":[{"href":"https:\/\/emidon.net\/gl\/wp-json\/wp\/v2\/types\/page"}],"author":[{"embeddable":true,"href":"https:\/\/emidon.net\/gl\/wp-json\/wp\/v2\/users\/1"}],"replies":[{"embeddable":true,"href":"https:\/\/emidon.net\/gl\/wp-json\/wp\/v2\/comments?post=1560"}],"version-history":[{"count":5,"href":"https:\/\/emidon.net\/gl\/wp-json\/wp\/v2\/pages\/1560\/revisions"}],"predecessor-version":[{"id":1685,"href":"https:\/\/emidon.net\/gl\/wp-json\/wp\/v2\/pages\/1560\/revisions\/1685"}],"wp:attachment":[{"href":"https:\/\/emidon.net\/gl\/wp-json\/wp\/v2\/media?parent=1560"}],"curies":[{"name":"wp","href":"https:\/\/api.w.org\/{rel}","templated":true}]}}